{"id":10246,"date":"2021-09-19T00:48:05","date_gmt":"2021-09-19T00:48:05","guid":{"rendered":"https:\/\/vwbrasilvoz.com.br\/?page_id=10246"},"modified":"2021-11-03T17:28:23","modified_gmt":"2021-11-03T17:28:23","slug":"players","status":"publish","type":"page","link":"https:\/\/vwbrasilvoz.com.br\/?page_id=10246","title":{"rendered":"players"},"content":{"rendered":"\t\t<div data-elementor-type=\"wp-page\" data-elementor-id=\"10246\" class=\"elementor elementor-10246\" data-elementor-settings=\"[]\">\n\t\t\t\t\t\t<div class=\"elementor-inner\">\n\t\t\t\t\t\t\t<div class=\"elementor-section-wrap\">\n\t\t\t\t\t\t\t<section class=\"elementor-section elementor-top-section elementor-element elementor-element-a1445f4 elementor-section-boxed elementor-section-height-default elementor-section-height-default\" data-id=\"a1445f4\" data-element_type=\"section\">\n\t\t\t\t\t\t<div class=\"elementor-container elementor-column-gap-default\">\n\t\t\t\t\t\t\t<div class=\"elementor-row\">\n\t\t\t\t\t<div class=\"elementor-column elementor-col-50 elementor-top-column elementor-element elementor-element-219a6d0\" data-id=\"219a6d0\" data-element_type=\"column\">\n\t\t\t<div class=\"elementor-column-wrap elementor-element-populated\">\n\t\t\t\t\t\t\t<div class=\"elementor-widget-wrap\">\n\t\t\t\t\t\t<div class=\"elementor-element elementor-element-82d7140 elementor-position-top elementor-vertical-align-top elementor-widget elementor-widget-image-box\" data-id=\"82d7140\" data-element_type=\"widget\" data-widget_type=\"image-box.default\">\n\t\t\t\t<div class=\"elementor-widget-container\">\n\t\t\t<div class=\"elementor-image-box-wrapper\"><figure class=\"elementor-image-box-img\"><img loading=\"lazy\" decoding=\"async\" width=\"830\" height=\"709\" src=\"https:\/\/vwbrasilvoz.com.br\/wp-content\/uploads\/2021\/09\/electronics-multimedia-kodi-remote-controls-rockchip-e1632012552763.jpeg\" class=\"attachment-full size-full\" alt=\"\" title=\"electronics-multimedia-kodi-remote-controls-rockchip\" \/><\/figure><div class=\"elementor-image-box-content\"><h3 class=\"elementor-image-box-title\">vw.tvPlayer Android: Facilidade e Seguran\u00e7a<\/h3><p class=\"elementor-image-box-description\">O vwtvPlayer e um dispositivo Android compacto que alia desempenho e confiabilidade.\n\nAplicativo \nAndroid, Smart Tv e Windows\n\nFuncionamento Online Offline: \na O painel, Monitor ou Tv  continua funcionando mesmo se a internet ou o wifi oscilarem.\nRein\u00edcio autom\u00e1tico: a programa\u00e7\u00e3o ser\u00e1 retomada automaticamente em caso de queda de energia.\nGerenciamento remoto: \nmonitore e atualize todos os dispositivos sem precisar se deslocar at\u00e9 cada um.\n  Pe\u00e7a j\u00e1 o seu <\/p><\/div><\/div>\t\t<\/div>\n\t\t\t\t<\/div>\n\t\t\t\t\t\t<\/div>\n\t\t\t\t\t<\/div>\n\t\t<\/div>\n\t\t\t\t<div class=\"elementor-column elementor-col-50 elementor-top-column elementor-element elementor-element-ffbc168\" data-id=\"ffbc168\" data-element_type=\"column\">\n\t\t\t<div class=\"elementor-column-wrap elementor-element-populated\">\n\t\t\t\t\t\t\t<div class=\"elementor-widget-wrap\">\n\t\t\t\t\t\t<div class=\"elementor-element elementor-element-c936264 elementor-widget elementor-widget-spacer\" data-id=\"c936264\" data-element_type=\"widget\" data-widget_type=\"spacer.default\">\n\t\t\t\t<div class=\"elementor-widget-container\">\n\t\t\t\t\t<div class=\"elementor-spacer\">\n\t\t\t<div class=\"elementor-spacer-inner\"><\/div>\n\t\t<\/div>\n\t\t\t\t<\/div>\n\t\t\t\t<\/div>\n\t\t\t\t<div class=\"elementor-element elementor-element-98d7bd8 elementor-position-top elementor-vertical-align-top elementor-widget elementor-widget-image-box\" data-id=\"98d7bd8\" data-element_type=\"widget\" data-widget_type=\"image-box.default\">\n\t\t\t\t<div class=\"elementor-widget-container\">\n\t\t\t<div class=\"elementor-image-box-wrapper\"><figure class=\"elementor-image-box-img\"><img loading=\"lazy\" decoding=\"async\" width=\"338\" height=\"84\" src=\"https:\/\/vwbrasilvoz.com.br\/wp-content\/uploads\/2021\/09\/vwbrasil-e1631672175448.png\" class=\"attachment-full size-full\" alt=\"\" title=\"vwbrasil\" \/><\/figure><\/div>\t\t<\/div>\n\t\t\t\t<\/div>\n\t\t\t\t<div class=\"elementor-element elementor-element-8d3e285 elementor-align-center elementor-widget elementor-widget-button\" data-id=\"8d3e285\" data-element_type=\"widget\" data-widget_type=\"button.default\">\n\t\t\t\t<div class=\"elementor-widget-container\">\n\t\t\t\t\t<div class=\"elementor-button-wrapper\">\n\t\t\t<a href=\"https:\/\/vwbrasilvoz.com.br\/contact-us\/\" class=\"elementor-button-link elementor-button elementor-size-sm\" role=\"button\">\n\t\t\t\t\t\t<span class=\"elementor-button-content-wrapper\">\n\t\t\t\t\t\t<span class=\"elementor-button-text\">Entre em Contato<\/span>\n\t\t<\/span>\n\t\t\t\t\t<\/a>\n\t\t<\/div>\n\t\t\t\t<\/div>\n\t\t\t\t<\/div>\n\t\t\t\t\t\t<\/div>\n\t\t\t\t\t<\/div>\n\t\t<\/div>\n\t\t\t\t\t\t\t\t<\/div>\n\t\t\t\t\t<\/div>\n\t\t<\/section>\n\t\t\t\t\t\t<\/div>\n\t\t\t\t\t\t<\/div>\n\t\t\t\t\t<\/div>\n\t\t","protected":false},"excerpt":{"rendered":"<p>vw.tvPlayer Android: Facilidade e Seguran\u00e7a O vwtvPlayer e um dispositivo Android compacto que alia desempenho e confiabilidade. Aplicativo Android, Smart Tv e Windows Funcionamento Online Offline: a O painel, Monitor ou Tv continua funcionando mesmo se a internet ou o wifi oscilarem. Rein\u00edcio autom\u00e1tico: a programa\u00e7\u00e3o ser\u00e1 retomada automaticamente em caso de queda de energia. [&hellip;]<\/p>\n","protected":false},"author":1,"featured_media":0,"parent":0,"menu_order":0,"comment_status":"closed","ping_status":"closed","template":"","meta":{"footnotes":""},"_links":{"self":[{"href":"https:\/\/vwbrasilvoz.com.br\/index.php?rest_route=\/wp\/v2\/pages\/10246"}],"collection":[{"href":"https:\/\/vwbrasilvoz.com.br\/index.php?rest_route=\/wp\/v2\/pages"}],"about":[{"href":"https:\/\/vwbrasilvoz.com.br\/index.php?rest_route=\/wp\/v2\/types\/page"}],"author":[{"embeddable":true,"href":"https:\/\/vwbrasilvoz.com.br\/index.php?rest_route=\/wp\/v2\/users\/1"}],"replies":[{"embeddable":true,"href":"https:\/\/vwbrasilvoz.com.br\/index.php?rest_route=%2Fwp%2Fv2%2Fcomments&post=10246"}],"version-history":[{"count":16,"href":"https:\/\/vwbrasilvoz.com.br\/index.php?rest_route=\/wp\/v2\/pages\/10246\/revisions"}],"predecessor-version":[{"id":11143,"href":"https:\/\/vwbrasilvoz.com.br\/index.php?rest_route=\/wp\/v2\/pages\/10246\/revisions\/11143"}],"wp:attachment":[{"href":"https:\/\/vwbrasilvoz.com.br\/index.php?rest_route=%2Fwp%2Fv2%2Fmedia&parent=10246"}],"curies":[{"name":"wp","href":"https:\/\/api.w.org\/{rel}","templated":true}]}}